{"id":147,"date":"2025-04-30T18:20:35","date_gmt":"2025-04-30T16:20:35","guid":{"rendered":"https:\/\/adelec23.fr\/?page_id=147"},"modified":"2026-04-08T22:53:33","modified_gmt":"2026-04-08T20:53:33","slug":"accueil","status":"publish","type":"page","link":"https:\/\/adelec23.fr\/","title":{"rendered":"Bienvenue"},"content":{"rendered":"\n<p><\/p>\n\n\n\n<p>Adelec23 est une entreprise d\u2019\u00e9lectricit\u00e9 g\u00e9n\u00e9rale qui a une solide expertise dans la r\u00e9novation. <\/p>\n\n\n\n<p>Adelec23 c\u2019est aussi et surtout le support de technicien dans l\u2019automatisme du b\u00e2timent. Offrant un accompagnement et la r\u00e9alisation de projet en KNX. <\/p>\n\n\n\n<p>Une expertise en motorisation de portail. <\/p>\n\n\n\n<p>Entreprise certifi\u00e9 IRVE pour la pose de bornes de recharge de v\u00e9hicules \u00e9lectriques.<\/p>\n\n\n\n<div class=\"wp-block-buttons is-layout-flex wp-block-buttons-is-layout-flex\">\n<div class=\"wp-block-button\"><a class=\"wp-block-button__link wp-element-button\" href=\"https:\/\/adelec23.fr\/index.php\/contact\/\">Contactez nous<\/a><\/div>\n<\/div>\n\n\n\n<p><\/p>\n","protected":false},"excerpt":{"rendered":"<p>Adelec23 est une entreprise d\u2019\u00e9lectricit\u00e9 g\u00e9n\u00e9rale qui a une solide expertise dans la r\u00e9novation. Adelec23 c\u2019est aussi et surtout le support de technicien dans l\u2019automatisme du b\u00e2timent. Offrant un accompagnement et la r\u00e9alisation de projet en KNX. Une expertise en motorisation de portail. Entreprise certifi\u00e9 IRVE pour la pose de bornes de recharge de v\u00e9hicules &hellip; <\/p>\n<p class=\"link-more\"><a href=\"https:\/\/adelec23.fr\/\" class=\"more-link\">Continuer la lecture<span class=\"screen-reader-text\"> de &laquo;&nbsp;Bienvenue&nbsp;&raquo;<\/span><\/a><\/p>\n","protected":false},"author":1,"featured_media":0,"parent":0,"menu_order":0,"comment_status":"closed","ping_status":"closed","template":"","meta":{"footnotes":""},"class_list":["post-147","page","type-page","status-publish","hentry"],"jetpack_sharing_enabled":true,"_links":{"self":[{"href":"https:\/\/adelec23.fr\/index.php\/wp-json\/wp\/v2\/pages\/147","targetHints":{"allow":["GET"]}}],"collection":[{"href":"https:\/\/adelec23.fr\/index.php\/wp-json\/wp\/v2\/pages"}],"about":[{"href":"https:\/\/adelec23.fr\/index.php\/wp-json\/wp\/v2\/types\/page"}],"author":[{"embeddable":true,"href":"https:\/\/adelec23.fr\/index.php\/wp-json\/wp\/v2\/users\/1"}],"replies":[{"embeddable":true,"href":"https:\/\/adelec23.fr\/index.php\/wp-json\/wp\/v2\/comments?post=147"}],"version-history":[{"count":4,"href":"https:\/\/adelec23.fr\/index.php\/wp-json\/wp\/v2\/pages\/147\/revisions"}],"predecessor-version":[{"id":201,"href":"https:\/\/adelec23.fr\/index.php\/wp-json\/wp\/v2\/pages\/147\/revisions\/201"}],"wp:attachment":[{"href":"https:\/\/adelec23.fr\/index.php\/wp-json\/wp\/v2\/media?parent=147"}],"curies":[{"name":"wp","href":"https:\/\/api.w.org\/{rel}","templated":true}]}}